{"id":94,"date":"2024-06-18T13:05:30","date_gmt":"2024-06-18T13:05:30","guid":{"rendered":"https:\/\/led.impacto.pl\/?page_id=94"},"modified":"2024-06-19T12:39:03","modified_gmt":"2024-06-19T12:39:03","slug":"mozliwosci","status":"publish","type":"page","link":"https:\/\/led.impacto.pl\/index.php\/mozliwosci\/","title":{"rendered":"Mo\u017cliwo\u015bci"},"content":{"rendered":"\n<div class=\"wp-block-columns is-layout-flex wp-container-core-columns-is-layout-9d6595d7 wp-block-columns-is-layout-flex\">\n<div class=\"wp-block-column is-layout-flow wp-block-column-is-layout-flow\" style=\"flex-basis:66.66%\">\n<div id=\"wp-block-themeisle-blocks-slider-afdd7b46\" class=\"wp-block-themeisle-blocks-slider glide\" data-per-view=\"1\" data-gap=\"0\" data-peek=\"0\" data-autoplay=\"true\" data-height=\"400px\" data-hide-arrows=\"false\"><div class=\"glide__track\" data-glide-el=\"track\"><div class=\"glide__slides\"><div class=\"wp-block-themeisle-blocks-slider-item-wrapper glide__slide\" tabindex=\"0\"><figure><img decoding=\"async\" class=\"wp-block-themeisle-blocks-slider-item\" src=\"http:\/\/led.impacto.pl\/wp-content\/uploads\/2024\/06\/301109310_579029783844693_9189956821124062022_n-1.jpg\" alt=\"\" title=\"\" data-id=\"52\"\/><\/figure><\/div><div class=\"wp-block-themeisle-blocks-slider-item-wrapper glide__slide\" tabindex=\"0\"><figure><img decoding=\"async\" class=\"wp-block-themeisle-blocks-slider-item\" src=\"http:\/\/led.impacto.pl\/wp-content\/uploads\/2024\/06\/118616869_1604809099679449_2918037208346402838_n.jpg\" alt=\"\" title=\"\" data-id=\"65\"\/><\/figure><\/div><div class=\"wp-block-themeisle-blocks-slider-item-wrapper glide__slide\" tabindex=\"0\"><figure><img decoding=\"async\" class=\"wp-block-themeisle-blocks-slider-item\" src=\"http:\/\/led.impacto.pl\/wp-content\/uploads\/2024\/06\/30.jpg\" alt=\"\" title=\"\" data-id=\"384\"\/><\/figure><\/div><div class=\"wp-block-themeisle-blocks-slider-item-wrapper glide__slide\" tabindex=\"0\"><figure><img decoding=\"async\" class=\"wp-block-themeisle-blocks-slider-item\" src=\"http:\/\/led.impacto.pl\/wp-content\/uploads\/2024\/06\/28.jpg\" alt=\"\" title=\"\" data-id=\"386\"\/><\/figure><\/div><div class=\"wp-block-themeisle-blocks-slider-item-wrapper glide__slide\" tabindex=\"0\"><figure><img decoding=\"async\" class=\"wp-block-themeisle-blocks-slider-item\" src=\"http:\/\/led.impacto.pl\/wp-content\/uploads\/2024\/06\/24.jpg\" alt=\"\" title=\"\" data-id=\"390\"\/><\/figure><\/div><div class=\"wp-block-themeisle-blocks-slider-item-wrapper glide__slide\" tabindex=\"0\"><figure><img decoding=\"async\" class=\"wp-block-themeisle-blocks-slider-item\" src=\"http:\/\/led.impacto.pl\/wp-content\/uploads\/2024\/06\/25.jpg\" alt=\"\" title=\"\" data-id=\"389\"\/><\/figure><\/div><div class=\"wp-block-themeisle-blocks-slider-item-wrapper glide__slide\" tabindex=\"0\"><figure><img decoding=\"async\" class=\"wp-block-themeisle-blocks-slider-item\" src=\"http:\/\/led.impacto.pl\/wp-content\/uploads\/2024\/06\/10.jpg\" alt=\"\" title=\"\" data-id=\"404\"\/><\/figure><\/div><div class=\"wp-block-themeisle-blocks-slider-item-wrapper glide__slide\" tabindex=\"0\"><figure><img decoding=\"async\" class=\"wp-block-themeisle-blocks-slider-item\" src=\"http:\/\/led.impacto.pl\/wp-content\/uploads\/2024\/06\/11.jpg\" alt=\"\" title=\"\" data-id=\"403\"\/><\/figure><\/div><div class=\"wp-block-themeisle-blocks-slider-item-wrapper glide__slide\" tabindex=\"0\"><figure><img decoding=\"async\" class=\"wp-block-themeisle-blocks-slider-item\" src=\"http:\/\/led.impacto.pl\/wp-content\/uploads\/2024\/06\/2.jpg\" alt=\"\" title=\"\" data-id=\"412\"\/><\/figure><\/div><div class=\"wp-block-themeisle-blocks-slider-item-wrapper glide__slide\" tabindex=\"0\"><figure><img decoding=\"async\" class=\"wp-block-themeisle-blocks-slider-item\" src=\"http:\/\/led.impacto.pl\/wp-content\/uploads\/2024\/06\/1.jpg\" alt=\"\" title=\"\" data-id=\"413\"\/><\/figure><\/div><\/div><div class=\"glide__bullets\" data-glide-el=\"controls[nav]\"><button class=\"glide__bullet\" data-glide-dir=\"=0\"><\/button><button class=\"glide__bullet\" data-glide-dir=\"=1\"><\/button><button class=\"glide__bullet\" data-glide-dir=\"=2\"><\/button><button class=\"glide__bullet\" data-glide-dir=\"=3\"><\/button><button class=\"glide__bullet\" data-glide-dir=\"=4\"><\/button><button class=\"glide__bullet\" data-glide-dir=\"=5\"><\/button><button class=\"glide__bullet\" data-glide-dir=\"=6\"><\/button><button class=\"glide__bullet\" data-glide-dir=\"=7\"><\/button><button class=\"glide__bullet\" data-glide-dir=\"=8\"><\/button><button class=\"glide__bullet\" data-glide-dir=\"=9\"><\/button><\/div><\/div><\/div>\n<\/div>\n\n\n\n<div class=\"wp-block-column is-vertically-aligned-center is-layout-flow wp-block-column-is-layout-flow\" style=\"flex-basis:33.33%\">\n<div class=\"wp-block-group\"><div class=\"wp-block-group__inner-container is-layout-constrained wp-block-group-is-layout-constrained\">\n<h3 class=\"wp-block-heading has-text-align-center\">Telebim na bramie<\/h3>\n\n\n\n<p class=\"has-text-align-center\"><strong>Najlepsze rozwi\u0105zanie dla du\u017cych scen<\/strong><\/p>\n\n\n\n<p class=\"has-text-align-center\">Telebim podwieszany na bramie to doskona\u0142e rozwi\u0105zanie, gdy potrzebujesz ekranu o du\u017cym rozmiarze przy du\u017cej scenie. Zapewnia \u015bwietn\u0105 widoczno\u015b\u0107 i nie zajmuje przestrzeni na pod\u0142o\u017cu, co jest idealne dla rozleg\u0142ych imprez plenerowych.<\/p>\n<\/div><\/div>\n<\/div>\n<\/div>\n\n\n\n<div style=\"height:100px\" aria-hidden=\"true\" class=\"wp-block-spacer\"><\/div>\n\n\n\n<div class=\"wp-block-columns is-layout-flex wp-container-core-columns-is-layout-9d6595d7 wp-block-columns-is-layout-flex\">\n<div class=\"wp-block-column is-vertically-aligned-center is-layout-flow wp-block-column-is-layout-flow\" style=\"flex-basis:33.33%\">\n<div class=\"wp-block-group\"><div class=\"wp-block-group__inner-container is-layout-constrained wp-block-group-is-layout-constrained\">\n<h3 class=\"wp-block-heading has-text-align-center\">Telebim na przyczepie<\/h3>\n\n\n\n<p class=\"has-text-align-center\"><strong>Idealny na imprezy plenerowe<\/strong><\/p>\n\n\n\n<p class=\"has-text-align-center\">Telebim na przyczepie to idealne rozwi\u0105zanie dla imprez odbywaj\u0105cych si\u0119 na \u015bwie\u017cym powietrzu. Dzi\u0119ki du\u017cym rozmiarom i \u0142atwemu monta\u017cowi zapewnia szybkie i efektywne ustawienie, umo\u017cliwiaj\u0105c elastyczne dopasowanie do potrzeb eventu.<\/p>\n<\/div><\/div>\n<\/div>\n\n\n\n<div class=\"wp-block-column is-layout-flow wp-block-column-is-layout-flow\" style=\"flex-basis:66.66%\">\n<div id=\"wp-block-themeisle-blocks-slider-f51ac103\" class=\"wp-block-themeisle-blocks-slider glide\" data-per-view=\"1\" data-gap=\"0\" data-peek=\"0\" data-autoplay=\"true\" data-height=\"400px\" data-hide-arrows=\"false\"><div class=\"glide__track\" data-glide-el=\"track\"><div class=\"glide__slides\"><div class=\"wp-block-themeisle-blocks-slider-item-wrapper glide__slide\" tabindex=\"0\"><figure><img decoding=\"async\" class=\"wp-block-themeisle-blocks-slider-item\" src=\"http:\/\/led.impacto.pl\/wp-content\/uploads\/2024\/06\/6.jpg\" alt=\"\" title=\"\" data-id=\"408\"\/><\/figure><\/div><div class=\"wp-block-themeisle-blocks-slider-item-wrapper glide__slide\" tabindex=\"0\"><figure><img decoding=\"async\" class=\"wp-block-themeisle-blocks-slider-item\" src=\"http:\/\/led.impacto.pl\/wp-content\/uploads\/2024\/06\/4.jpg\" alt=\"\" title=\"\" data-id=\"410\"\/><\/figure><\/div><div class=\"wp-block-themeisle-blocks-slider-item-wrapper glide__slide\" tabindex=\"0\"><figure><img decoding=\"async\" class=\"wp-block-themeisle-blocks-slider-item\" src=\"http:\/\/led.impacto.pl\/wp-content\/uploads\/2024\/06\/7.jpg\" alt=\"\" title=\"\" data-id=\"407\"\/><\/figure><\/div><div class=\"wp-block-themeisle-blocks-slider-item-wrapper glide__slide\" tabindex=\"0\"><figure><img decoding=\"async\" class=\"wp-block-themeisle-blocks-slider-item\" src=\"http:\/\/led.impacto.pl\/wp-content\/uploads\/2024\/06\/8.jpg\" alt=\"\" title=\"\" data-id=\"406\"\/><\/figure><\/div><div class=\"wp-block-themeisle-blocks-slider-item-wrapper glide__slide\" tabindex=\"0\"><figure><img decoding=\"async\" class=\"wp-block-themeisle-blocks-slider-item\" src=\"http:\/\/led.impacto.pl\/wp-content\/uploads\/2024\/06\/3.jpg\" alt=\"\" title=\"\" data-id=\"411\"\/><\/figure><\/div><div class=\"wp-block-themeisle-blocks-slider-item-wrapper glide__slide\" tabindex=\"0\"><figure><img decoding=\"async\" class=\"wp-block-themeisle-blocks-slider-item\" src=\"http:\/\/led.impacto.pl\/wp-content\/uploads\/2024\/06\/12.jpg\" alt=\"\" title=\"\" data-id=\"402\"\/><\/figure><\/div><div class=\"wp-block-themeisle-blocks-slider-item-wrapper glide__slide\" tabindex=\"0\"><figure><img decoding=\"async\" class=\"wp-block-themeisle-blocks-slider-item\" src=\"http:\/\/led.impacto.pl\/wp-content\/uploads\/2024\/06\/31.jpg\" alt=\"\" title=\"\" data-id=\"383\"\/><\/figure><\/div><\/div><div class=\"glide__bullets\" data-glide-el=\"controls[nav]\"><button class=\"glide__bullet\" data-glide-dir=\"=0\"><\/button><button class=\"glide__bullet\" data-glide-dir=\"=1\"><\/button><button class=\"glide__bullet\" data-glide-dir=\"=2\"><\/button><button class=\"glide__bullet\" data-glide-dir=\"=3\"><\/button><button class=\"glide__bullet\" data-glide-dir=\"=4\"><\/button><button class=\"glide__bullet\" data-glide-dir=\"=5\"><\/button><button class=\"glide__bullet\" data-glide-dir=\"=6\"><\/button><\/div><\/div><\/div>\n<\/div>\n<\/div>\n\n\n\n<div style=\"height:100px\" aria-hidden=\"true\" class=\"wp-block-spacer\"><\/div>\n\n\n\n<div class=\"wp-block-columns is-layout-flex wp-container-core-columns-is-layout-9d6595d7 wp-block-columns-is-layout-flex\">\n<div class=\"wp-block-column is-layout-flow wp-block-column-is-layout-flow\" style=\"flex-basis:66.66%\">\n<div id=\"wp-block-themeisle-blocks-slider-8f92a936\" class=\"wp-block-themeisle-blocks-slider glide\" data-per-view=\"1\" data-gap=\"0\" data-peek=\"0\" data-autoplay=\"true\" data-height=\"400px\" data-hide-arrows=\"false\"><div class=\"glide__track\" data-glide-el=\"track\"><div class=\"glide__slides\"><div class=\"wp-block-themeisle-blocks-slider-item-wrapper glide__slide\" tabindex=\"0\"><figure><img decoding=\"async\" class=\"wp-block-themeisle-blocks-slider-item\" src=\"http:\/\/led.impacto.pl\/wp-content\/uploads\/2024\/06\/13.jpg\" alt=\"\" title=\"\" data-id=\"401\"\/><\/figure><\/div><div class=\"wp-block-themeisle-blocks-slider-item-wrapper glide__slide\" tabindex=\"0\"><figure><img decoding=\"async\" class=\"wp-block-themeisle-blocks-slider-item\" src=\"http:\/\/led.impacto.pl\/wp-content\/uploads\/2024\/06\/29.jpg\" alt=\"\" title=\"\" data-id=\"385\"\/><\/figure><\/div><div class=\"wp-block-themeisle-blocks-slider-item-wrapper glide__slide\" tabindex=\"0\"><figure><img decoding=\"async\" class=\"wp-block-themeisle-blocks-slider-item\" src=\"http:\/\/led.impacto.pl\/wp-content\/uploads\/2024\/06\/14.jpg\" alt=\"\" title=\"\" data-id=\"400\"\/><\/figure><\/div><div class=\"wp-block-themeisle-blocks-slider-item-wrapper glide__slide\" tabindex=\"0\"><figure><img decoding=\"async\" class=\"wp-block-themeisle-blocks-slider-item\" src=\"http:\/\/led.impacto.pl\/wp-content\/uploads\/2024\/06\/27.jpg\" alt=\"\" title=\"\" data-id=\"387\"\/><\/figure><\/div><div class=\"wp-block-themeisle-blocks-slider-item-wrapper glide__slide\" tabindex=\"0\"><figure><img decoding=\"async\" class=\"wp-block-themeisle-blocks-slider-item\" src=\"http:\/\/led.impacto.pl\/wp-content\/uploads\/2024\/06\/26.jpg\" alt=\"\" title=\"\" data-id=\"388\"\/><\/figure><\/div><\/div><div class=\"glide__bullets\" data-glide-el=\"controls[nav]\"><button class=\"glide__bullet\" data-glide-dir=\"=0\"><\/button><button class=\"glide__bullet\" data-glide-dir=\"=1\"><\/button><button class=\"glide__bullet\" data-glide-dir=\"=2\"><\/button><button class=\"glide__bullet\" data-glide-dir=\"=3\"><\/button><button class=\"glide__bullet\" data-glide-dir=\"=4\"><\/button><\/div><\/div><\/div>\n<\/div>\n\n\n\n<div class=\"wp-block-column is-vertically-aligned-center is-layout-flow wp-block-column-is-layout-flow\" style=\"flex-basis:33.33%\">\n<div class=\"wp-block-group\"><div class=\"wp-block-group__inner-container is-layout-constrained wp-block-group-is-layout-constrained\">\n<h3 class=\"wp-block-heading has-text-align-center\">Telebim na stojakach<\/h3>\n\n\n\n<p class=\"has-text-align-center\"><strong>Wszechstronno\u015b\u0107 i mobilno\u015b\u0107<\/strong><\/p>\n\n\n\n<p class=\"has-text-align-center\">Telebim na stojakach to najlepsze rozwi\u0105zanie zar\u00f3wno dla imprez plenerowych, jak i wewn\u0119trznych. Dzi\u0119ki mo\u017cliwo\u015bci ustawienia ekranu o maksymalnych wymiarach 4m x 2,5m, zapewnia doskona\u0142\u0105 widoczno\u015b\u0107 i elastyczno\u015b\u0107 w aran\u017cacji przestrzeni.<\/p>\n<\/div><\/div>\n<\/div>\n<\/div>\n\n\n\n<div style=\"height:100px\" aria-hidden=\"true\" class=\"wp-block-spacer\"><\/div>\n\n\n\n<div class=\"wp-block-columns is-layout-flex wp-container-core-columns-is-layout-9d6595d7 wp-block-columns-is-layout-flex\">\n<div class=\"wp-block-column is-vertically-aligned-center is-layout-flow wp-block-column-is-layout-flow\" style=\"flex-basis:33.33%\">\n<div class=\"wp-block-group\"><div class=\"wp-block-group__inner-container is-layout-constrained wp-block-group-is-layout-constrained\">\n<h3 class=\"wp-block-heading has-text-align-center\">Telebim postawiony na ziemi<\/h3>\n\n\n\n<p class=\"has-text-align-center\"><strong>Praktyczno\u015b\u0107 dla r\u00f3\u017cnych lokalizacji<\/strong><\/p>\n\n\n\n<p class=\"has-text-align-center\">Idealne rozwi\u0105zanie dla imprez odbywaj\u0105cych si\u0119 wewn\u0105trz lub w miejscach, gdzie nie ma mo\u017cliwo\u015bci podwieszenia pod scen\u0119. Telebim postawiony na ziemi zapewnia stabilno\u015b\u0107 i \u0142atwy dost\u0119p, co sprawia, \u017ce jest uniwersalnym wyborem dla r\u00f3\u017cnych typ\u00f3w wydarze\u0144.<\/p>\n<\/div><\/div>\n<\/div>\n\n\n\n<div class=\"wp-block-column is-layout-flow wp-block-column-is-layout-flow\" style=\"flex-basis:66.66%\">\n<div id=\"wp-block-themeisle-blocks-slider-9d12793c\" class=\"wp-block-themeisle-blocks-slider glide\" data-per-view=\"1\" data-gap=\"0\" data-peek=\"0\" data-autoplay=\"true\" data-height=\"400px\" data-hide-arrows=\"false\"><div class=\"glide__track\" data-glide-el=\"track\"><div class=\"glide__slides\"><div class=\"wp-block-themeisle-blocks-slider-item-wrapper glide__slide\" tabindex=\"0\"><figure><img decoding=\"async\" class=\"wp-block-themeisle-blocks-slider-item\" src=\"http:\/\/led.impacto.pl\/wp-content\/uploads\/2024\/06\/19.jpg\" alt=\"\" title=\"\" data-id=\"395\"\/><\/figure><\/div><div class=\"wp-block-themeisle-blocks-slider-item-wrapper glide__slide\" tabindex=\"0\"><figure><img decoding=\"async\" class=\"wp-block-themeisle-blocks-slider-item\" src=\"http:\/\/led.impacto.pl\/wp-content\/uploads\/2024\/06\/15.jpg\" alt=\"\" title=\"\" data-id=\"399\"\/><\/figure><\/div><div class=\"wp-block-themeisle-blocks-slider-item-wrapper glide__slide\" tabindex=\"0\"><figure><img decoding=\"async\" class=\"wp-block-themeisle-blocks-slider-item\" src=\"http:\/\/led.impacto.pl\/wp-content\/uploads\/2024\/06\/17.jpg\" alt=\"\" title=\"\" data-id=\"397\"\/><\/figure><\/div><div class=\"wp-block-themeisle-blocks-slider-item-wrapper glide__slide\" tabindex=\"0\"><figure><img decoding=\"async\" class=\"wp-block-themeisle-blocks-slider-item\" src=\"http:\/\/led.impacto.pl\/wp-content\/uploads\/2024\/06\/18.jpg\" alt=\"\" title=\"\" data-id=\"396\"\/><\/figure><\/div><\/div><div class=\"glide__bullets\" data-glide-el=\"controls[nav]\"><button class=\"glide__bullet\" data-glide-dir=\"=0\"><\/button><button class=\"glide__bullet\" data-glide-dir=\"=1\"><\/button><button class=\"glide__bullet\" data-glide-dir=\"=2\"><\/button><button class=\"glide__bullet\" data-glide-dir=\"=3\"><\/button><\/div><\/div><\/div>\n<\/div>\n<\/div>\n\n\n\n<div style=\"height:100px\" aria-hidden=\"true\" class=\"wp-block-spacer\"><\/div>\n\n\n\n<div class=\"wp-block-columns is-layout-flex wp-container-core-columns-is-layout-9d6595d7 wp-block-columns-is-layout-flex\">\n<div class=\"wp-block-column is-layout-flow wp-block-column-is-layout-flow\" style=\"flex-basis:66.66%\">\n<div id=\"wp-block-themeisle-blocks-slider-2512fc9c\" class=\"wp-block-themeisle-blocks-slider glide\" data-per-view=\"1\" data-gap=\"0\" data-peek=\"0\" data-autoplay=\"true\" data-height=\"400px\" data-hide-arrows=\"false\"><div class=\"glide__track\" data-glide-el=\"track\"><div class=\"glide__slides\"><div class=\"wp-block-themeisle-blocks-slider-item-wrapper glide__slide\" tabindex=\"0\"><figure><img decoding=\"async\" class=\"wp-block-themeisle-blocks-slider-item\" src=\"http:\/\/led.impacto.pl\/wp-content\/uploads\/2024\/06\/22.jpg\" alt=\"\" title=\"\" data-id=\"392\"\/><\/figure><\/div><div class=\"wp-block-themeisle-blocks-slider-item-wrapper glide__slide\" tabindex=\"0\"><figure><img decoding=\"async\" class=\"wp-block-themeisle-blocks-slider-item\" src=\"http:\/\/led.impacto.pl\/wp-content\/uploads\/2024\/06\/28.jpg\" alt=\"\" title=\"\" data-id=\"386\"\/><\/figure><\/div><div class=\"wp-block-themeisle-blocks-slider-item-wrapper glide__slide\" tabindex=\"0\"><figure><img decoding=\"async\" class=\"wp-block-themeisle-blocks-slider-item\" src=\"http:\/\/led.impacto.pl\/wp-content\/uploads\/2024\/06\/20.jpg\" alt=\"\" title=\"\" data-id=\"394\"\/><\/figure><\/div><div class=\"wp-block-themeisle-blocks-slider-item-wrapper glide__slide\" tabindex=\"0\"><figure><img decoding=\"async\" class=\"wp-block-themeisle-blocks-slider-item\" src=\"http:\/\/led.impacto.pl\/wp-content\/uploads\/2024\/06\/16.jpg\" alt=\"\" title=\"\" data-id=\"398\"\/><\/figure><\/div><div class=\"wp-block-themeisle-blocks-slider-item-wrapper glide__slide\" tabindex=\"0\"><figure><img decoding=\"async\" class=\"wp-block-themeisle-blocks-slider-item\" src=\"http:\/\/led.impacto.pl\/wp-content\/uploads\/2024\/06\/9.jpg\" alt=\"\" title=\"\" data-id=\"405\"\/><\/figure><\/div><\/div><div class=\"glide__bullets\" data-glide-el=\"controls[nav]\"><button class=\"glide__bullet\" data-glide-dir=\"=0\"><\/button><button class=\"glide__bullet\" data-glide-dir=\"=1\"><\/button><button class=\"glide__bullet\" data-glide-dir=\"=2\"><\/button><button class=\"glide__bullet\" data-glide-dir=\"=3\"><\/button><button class=\"glide__bullet\" data-glide-dir=\"=4\"><\/button><\/div><\/div><\/div>\n<\/div>\n\n\n\n<div class=\"wp-block-column is-vertically-aligned-center is-layout-flow wp-block-column-is-layout-flow\" style=\"flex-basis:33.33%\">\n<div class=\"wp-block-group\"><div class=\"wp-block-group__inner-container is-layout-constrained wp-block-group-is-layout-constrained\">\n<h3 class=\"wp-block-heading has-text-align-center\">Telebim podwieszony pod belk\u0119 \/ scen\u0119<\/h3>\n\n\n\n<p class=\"has-text-align-center\"><strong>Optymalizacja przestrzeni scenicznej<\/strong><\/p>\n\n\n\n<p class=\"has-text-align-center\">Telebim podwieszony pod belk\u0119 lub scen\u0119 sprawdza si\u0119 idealnie na imprezach plenerowych, gdy jest mo\u017cliwo\u015b\u0107 jego podwieszenia. Dzi\u0119ki temu rozwi\u0105zaniu zyskujesz wi\u0119cej przestrzeni na pod\u0142o\u017cu, a ekran znajduje si\u0119 na optymalnej wysoko\u015bci dla najlepszej widoczno\u015bci.<\/p>\n<\/div><\/div>\n<\/div>\n<\/div>\n\n\n\n<div style=\"height:100px\" aria-hidden=\"true\" class=\"wp-block-spacer\"><\/div>\n","protected":false},"excerpt":{"rendered":"<p>Telebim na bramie Najlepsze rozwi\u0105zanie dla du\u017cych scen Telebim podwieszany na bramie to doskona\u0142e rozwi\u0105zanie, gdy potrzebujesz ekranu o du\u017cym rozmiarze przy du\u017cej scenie. Zapewnia \u015bwietn\u0105 widoczno\u015b\u0107 i nie zajmuje przestrzeni na pod\u0142o\u017cu, co jest idealne dla rozleg\u0142ych imprez plenerowych. Telebim na przyczepie Idealny na imprezy plenerowe Telebim na przyczepie to idealne rozwi\u0105zanie dla imprez&hellip;&nbsp;<a href=\"https:\/\/led.impacto.pl\/index.php\/mozliwosci\/\" class=\"\" rel=\"bookmark\">Dowiedz si\u0119 wi\u0119cej &raquo;<span class=\"screen-reader-text\">Mo\u017cliwo\u015bci<\/span><\/a><\/p>\n","protected":false},"author":1,"featured_media":0,"parent":0,"menu_order":0,"comment_status":"closed","ping_status":"closed","template":"","meta":{"neve_meta_sidebar":"","neve_meta_container":"","neve_meta_enable_content_width":"","neve_meta_content_width":0,"neve_meta_title_alignment":"","neve_meta_author_avatar":"","neve_post_elements_order":"","neve_meta_disable_header":"","neve_meta_disable_footer":"","neve_meta_disable_title":"","_themeisle_gutenberg_block_has_review":false,"footnotes":""},"class_list":["post-94","page","type-page","status-publish","hentry"],"_links":{"self":[{"href":"https:\/\/led.impacto.pl\/index.php\/wp-json\/wp\/v2\/pages\/94","targetHints":{"allow":["GET"]}}],"collection":[{"href":"https:\/\/led.impacto.pl\/index.php\/wp-json\/wp\/v2\/pages"}],"about":[{"href":"https:\/\/led.impacto.pl\/index.php\/wp-json\/wp\/v2\/types\/page"}],"author":[{"embeddable":true,"href":"https:\/\/led.impacto.pl\/index.php\/wp-json\/wp\/v2\/users\/1"}],"replies":[{"embeddable":true,"href":"https:\/\/led.impacto.pl\/index.php\/wp-json\/wp\/v2\/comments?post=94"}],"version-history":[{"count":8,"href":"https:\/\/led.impacto.pl\/index.php\/wp-json\/wp\/v2\/pages\/94\/revisions"}],"predecessor-version":[{"id":419,"href":"https:\/\/led.impacto.pl\/index.php\/wp-json\/wp\/v2\/pages\/94\/revisions\/419"}],"wp:attachment":[{"href":"https:\/\/led.impacto.pl\/index.php\/wp-json\/wp\/v2\/media?parent=94"}],"curies":[{"name":"wp","href":"https:\/\/api.w.org\/{rel}","templated":true}]}}